{"id":33,"date":"2025-01-24T04:09:28","date_gmt":"2025-01-24T04:09:28","guid":{"rendered":"https:\/\/digital-defense.cl\/index.php\/colibri-wp\/"},"modified":"2026-04-17T04:42:25","modified_gmt":"2026-04-17T04:42:25","slug":"inicio","status":"publish","type":"page","link":"https:\/\/digital-defense.cl\/","title":{"rendered":"Inicio"},"content":{"rendered":"\n<!DOCTYPE html>\n<html lang=\"es\">\n<head>\n  <meta charset=\"UTF-8\" \/>\n  <meta name=\"viewport\" content=\"width=device-width, initial-scale=1.0\" \/>\n  <title>Inicio &#8211; Digital Defense<\/title>\n  <link rel=\"preconnect\" href=\"https:\/\/fonts.googleapis.com\" \/>\n  <link rel=\"preconnect\" href=\"https:\/\/fonts.gstatic.com\" crossorigin \/>\n  <link href=\"https:\/\/fonts.googleapis.com\/css2?family=Inter:wght@300;400;500;600;700;800&#038;display=swap\" rel=\"stylesheet\" \/>\n  <style>\n    * { box-sizing: border-box; }\n    html { scroll-behavior: smooth; background: #04090f !important; color: #eef2f7 !important; }\n    body { margin: 0; min-height: 100vh; font-family: 'Inter', sans-serif; background: #04090f !important; color: #eef2f7 !important; }\n    body::before { content: ''; position: fixed; inset: 0; background: radial-gradient(circle at top left, rgba(93, 215, 255, 0.14), transparent 18%), radial-gradient(circle at bottom right, rgba(209, 178, 90, 0.12), transparent 18%); pointer-events: none; }\n    .inicio-root { min-height: 100vh; background: #04090f !important; color: #eef2f7 !important; }\n    .inicio-topvideo { position: relative; width: 100%; min-height: 70vh; display: grid; place-items: center; padding: 24px 16px 12px; background: #04090f; }\n    .inicio-topvideo::before { content: ''; position: absolute; inset: 0; background: radial-gradient(circle at top left, rgba(93, 215, 255, 0.14), transparent 20%), radial-gradient(circle at bottom right, rgba(209, 178, 90, 0.12), transparent 20%); pointer-events: none; }\n    .inicio-video-card { position: relative; width: 100%; max-width: 1240px; height: min(72vh, 560px); border-radius: 34px; overflow: hidden; background: rgba(8, 16, 29, 0.96); border: 1px solid rgba(255,255,255,0.12); box-shadow: 0 40px 100px rgba(0,0,0,0.36); }\n    .inicio-video-card video { width: 100%; height: 100%; object-fit: cover; display: block; }\n    .inicio-video-overlay { position: absolute; inset: 0; background: linear-gradient(180deg, rgba(4,9,15,0.12), rgba(4,9,15,0.86)); pointer-events: none; }\n    .inicio-video-copy { position: absolute; left: 24px; bottom: 24px; right: 24px; display: grid; gap: 16px; padding: 24px; max-width: 520px; border-radius: 24px; background: rgba(4, 9, 15, 0.55); border: 1px solid rgba(255,255,255,0.08); }\n    .inicio-video-copy h1 { margin: 0; color: #e7edf7; font-size: clamp(2rem, 3.5vw, 2.7rem); line-height: 1.05; }\n    .inicio-video-copy p { margin: 0; color: #cdd6e1; line-height: 1.75; }\n    .inicio-block { position: relative; z-index: 1; padding: 0 16px 60px; max-width: 1240px; margin: 0 auto; }\n    .inicio-hero { display: grid; grid-template-columns: 1fr 0.95fr; gap: 30px; align-items: center; margin: 0 0 40px; }\n    .inicio-hero-copy { padding: 34px; border-radius: 28px; background: rgba(14, 23, 34, 0.92); border: 1px solid rgba(255,255,255,0.1); box-shadow: 0 28px 70px rgba(0,0,0,0.24); backdrop-filter: blur(16px); }\n    .inicio-hero-copy h1 { margin: 0 0 20px; font-size: clamp(2.8rem, 4vw, 4.2rem); line-height: 1.02; color: #e7edf7; }\n    .inicio-hero-copy p { margin: 0 0 28px; font-size: 1rem; line-height: 1.75; color: #cdd6e1; max-width: 680px; }\n    .inicio-actions { display: flex; flex-wrap: wrap; gap: 14px; }\n    .inicio-btn { display: inline-flex; align-items: center; justify-content: center; padding: 14px 28px; border-radius: 999px; background: rgba(93, 215, 255, 0.16); border: 1px solid rgba(93, 215, 255, 0.24); color: #eef2f7; font-weight: 600; text-decoration: none; transition: transform 0.2s ease, background 0.2s ease; }\n    .inicio-btn:hover { transform: translateY(-2px); background: rgba(93, 215, 255, 0.26); }\n    .inicio-section { margin-bottom: 46px; }\n    .inicio-section-title { display: flex; flex-direction: column; gap: 10px; margin-bottom: 20px; }\n    .inicio-section-title h2 { margin: 0; color: #e7edf7; font-size: clamp(2rem, 3vw, 2.8rem); }\n    .inicio-section-title p { margin: 0; max-width: 760px; color: #cdd6e1; line-height: 1.85; }\n    .inicio-services { display: grid; grid-template-columns: repeat(3, minmax(0, 1fr)); gap: 20px; }\n    .inicio-service-card { position: relative; overflow: hidden; padding: 28px; border-radius: 24px; background: rgba(14, 23, 34, 0.92); border: 1px solid rgba(255,255,255,0.1); box-shadow: 0 22px 50px rgba(0,0,0,0.24); transition: transform 0.25s ease, border-color 0.25s ease, box-shadow 0.25s ease; }\n    .inicio-service-card::before { content: ''; position: absolute; left: -35%; top: -35%; width: 170%; height: 170%; background: radial-gradient(circle at 30% 30%, rgba(93, 215, 255, 0.28), transparent 30%), radial-gradient(circle at 70% 70%, rgba(209, 178, 90, 0.16), transparent 22%); opacity: 0; transform: scale(0.9); transition: opacity 0.4s ease, transform 0.7s ease; pointer-events: none; filter: blur(12px); }\n    .inicio-service-card:hover { transform: translateY(-6px); border-color: rgba(209, 178, 90, 0.38); box-shadow: 0 28px 60px rgba(0,0,0,0.28); }\n    .inicio-service-card:hover::before { opacity: 1; transform: scale(1); }\n    .inicio-service-card span { display: inline-flex; align-items: center; justify-content: center; width: 48px; height: 48px; border-radius: 16px; background: rgba(93, 215, 255, 0.18); color: #5dd7ff; font-size: 1.25rem; margin-bottom: 18px; }\n    .inicio-service-card h3 { margin: 0 0 10px; color: #e7edf7; font-size: 1.25rem; }\n    .inicio-service-card p { margin: 0 0 18px; color: #c9d0df; line-height: 1.8; }\n    .inicio-service-card a { color: #d4b35b; font-weight: 600; text-decoration: none; }\n    .inicio-testimonials { display: grid; grid-template-columns: repeat(3, minmax(0, 1fr)); gap: 20px; }\n    .inicio-testimonial { display: grid; grid-template-rows: auto auto auto; gap: 16px; padding: 24px; border-radius: 24px; background: rgba(14, 23, 34, 0.96); border: 1px solid rgba(255,255,255,0.1); box-shadow: 0 22px 50px rgba(0,0,0,0.22); }\n    .inicio-testimonial p { margin: 0; color: #cdd6e1; line-height: 1.8; font-size: 0.98rem; }\n    .inicio-testimonial-name { margin: 0; color: #e7edf7; font-size: 1rem; font-weight: 700; }\n    .inicio-testimonial-role { color: #9fb1c3; font-size: 0.92rem; font-weight: 400; }\n    .inicio-testimonial-avatar { width: 60px; height: 60px; border-radius: 50%; background: rgba(255,255,255,0.06); border: 1px solid rgba(255,255,255,0.12); align-self: center; }\n    @media (max-width: 1024px) {\n      .inicio-video-card { min-height: 520px; }\n      .inicio-testimonials { grid-template-columns: 1fr 1fr; }\n    }\n    @media (max-width: 780px) {\n      .inicio-topvideo { padding: 24px 14px 16px; }\n      .inicio-video-card { min-height: 420px; }\n      .inicio-video-copy { left: 18px; right: 18px; bottom: 18px; padding: 18px; max-width: 100%; }\n      .inicio-hero { grid-template-columns: 1fr; }\n      .inicio-block { padding: 0 14px 40px; }\n      .inicio-hero-copy { padding: 26px; }\n      .inicio-services { grid-template-columns: 1fr; }\n      .inicio-service-card { padding: 24px; }\n      .inicio-testimonials { grid-template-columns: 1fr; }\n    }\n    @media (max-width: 620px) {\n      .inicio-video-card { min-height: 320px; }\n      .inicio-video-copy h1 { font-size: 2rem; }\n      .inicio-video-copy { padding: 16px; left: 16px; right: 16px; bottom: 16px; }\n      .inicio-section-title h2 { font-size: 2rem; }\n      .inicio-btn { width: 100%; }\n    }\n  <\/style>\n<\/head>\n<body>\n  <div class=\"inicio-root\">\n    <section class=\"inicio-topvideo\">\n      <div class=\"inicio-video-card\">\n      <video muted autoplay loop playsinline src=\"https:\/\/digital-defense.cl\/IMG\/ley.mp4\"><\/video>\n      <div class=\"inicio-video-overlay\"><\/div>\n      <div class=\"inicio-video-copy\">\n        <h1>Confianza digital y legal para su negocio<\/h1>\n        <p>Dise\u00f1amos una experiencia moderna, segura y elegante que combina servicios jur\u00eddicos, protecci\u00f3n de datos y soluciones tecnol\u00f3gicas para empresas con altos est\u00e1ndares.<\/p>\n        <a class=\"inicio-btn\" href=\"#servicios\">Ver servicios<\/a>\n      <\/div>\n    <\/div>\n  <\/section>\n\n    <div class=\"inicio-block\">\n      <section class=\"inicio-section\" id=\"servicios\">\n        <div class=\"inicio-section-title\">\n          <h2>Servicios principales<\/h2>\n          <p>Presentamos soluciones especializadas para cada \u00e1rea clave de su empresa, con un enfoque formal, moderno y preparado para el crecimiento.<\/p>\n        <\/div>\n        <div class=\"inicio-services\">\n          <article class=\"inicio-service-card\">\n            <span>\u2696\ufe0f<\/span>\n            <h3>SERVICIOS DE ABOGADOS<\/h3>\n            <p>Soluciones jur\u00eddicas para empresas y personas, garantizando cumplimiento normativo y seguridad legal.<\/p>\n            <a href=\"https:\/\/digital-defense.cl\/index.php\/abogado\/\">Ver m\u00e1s<\/a>\n          <\/article>\n          <article class=\"inicio-service-card\">\n            <span>\ud83d\udcdc<\/span>\n            <h3>LEY DE PROTECCI\u00d3N DE DATOS<\/h3>\n            <p>Soluciones integrales para cumplir con la nueva Ley 21.719 Protecci\u00f3n de Datos en Chile.<\/p>\n            <a href=\"https:\/\/digital-defense.cl\/index.php\/proteccion-de-datos\/\">Ver m\u00e1s<\/a>\n          <\/article>\n          <article class=\"inicio-service-card\">\n            <span>\ud83d\udcbb<\/span>\n            <h3>SERVICIOS DE INFORM\u00c1TICA<\/h3>\n            <p>Implementaci\u00f3n de soluciones tecnol\u00f3gicas y ciberseguridad que protegen y fortalecen su compa\u00f1\u00eda.<\/p>\n            <a href=\"https:\/\/digital-defense.cl\/index.php\/informatica\/\">Ver m\u00e1s<\/a>\n          <\/article>\n        <\/div>\n      <\/section>\n\n    <section class=\"inicio-section\" id=\"testimonios\">\n      <div class=\"inicio-section-title\">\n        <h2>Testimonios de nuestros clientes<\/h2>\n        <p>No te f\u00edes solo de nuestra palabra, mira lo que dicen nuestros clientes:<\/p>\n      <\/div>\n      <div class=\"inicio-testimonials\">\n        <article class=\"inicio-testimonial\">\n          <p>Hemos confiado en Digital Defense para fortalecer la ciberseguridad de nuestra empresa y garantizar el cumplimiento de la normativa vigente. Su experiencia y profesionalismo nos han brindado tranquilidad y protecci\u00f3n ante los desaf\u00edos digitales.<\/p>\n          <div>\n            <p class=\"inicio-testimonial-name\">IVAN LEIVA<\/p>\n            <p class=\"inicio-testimonial-role\">Gerente South Pacific<\/p>\n          <\/div>\n          <div class=\"inicio-testimonial-avatar\"><\/div>\n        <\/article>\n        <article class=\"inicio-testimonial\">\n          <p>Digital Defense ha fortalecido la ciberseguridad de nuestra empresa de transporte, asegurando nuestra web con certificados. Su apoyo nos ha permitido cumplir con nuestros contratos con proveedores de manera segura y confiable.<\/p>\n          <div>\n            <p class=\"inicio-testimonial-name\">Mauricio Palma<\/p>\n            <p class=\"inicio-testimonial-role\">Gerente Operaciones ATV<\/p>\n          <\/div>\n          <div class=\"inicio-testimonial-avatar\"><\/div>\n        <\/article>\n        <article class=\"inicio-testimonial\">\n          <p>Digital Defense se encarga de garantizar el cumplimiento de nuestros contratos y la seguridad y encriptaci\u00f3n de nuestros datos. Su experiencia en la gesti\u00f3n de riesgos nos han dado la tranquilidad necesaria para centrarnos en el crecimiento de nuestro negocio.<\/p>\n          <div>\n            <p class=\"inicio-testimonial-name\">Claudio Olivares<\/p>\n            <p class=\"inicio-testimonial-role\">Due\u00f1o OLMAC Inmobiliaria<\/p>\n          <\/div>\n          <div class=\"inicio-testimonial-avatar\"><\/div>\n        <\/article>\n      <\/div>\n    <\/section>\n    <\/div>\n  <\/div>\n<\/body>\n<\/html>\n\n","protected":false},"excerpt":{"rendered":"<p>Inicio &#8211; Digital Defense Confianza digital y legal para su negocio Dise\u00f1amos una experiencia moderna, segura y elegante que combina servicios jur\u00eddicos, protecci\u00f3n de datos y soluciones tecnol\u00f3gicas para empresas con altos est\u00e1ndares. Ver servicios Servicios principales Presentamos soluciones especializadas para cada \u00e1rea clave de su empresa, con un enfoque formal, moderno y preparado para [&hellip;]<\/p>\n","protected":false},"author":1,"featured_media":0,"parent":0,"menu_order":0,"comment_status":"closed","ping_status":"closed","template":"page-templates\/homepage.php","meta":{"footnotes":""},"class_list":["post-33","page","type-page","status-publish","hentry"],"_links":{"self":[{"href":"https:\/\/digital-defense.cl\/index.php\/wp-json\/wp\/v2\/pages\/33","targetHints":{"allow":["GET"]}}],"collection":[{"href":"https:\/\/digital-defense.cl\/index.php\/wp-json\/wp\/v2\/pages"}],"about":[{"href":"https:\/\/digital-defense.cl\/index.php\/wp-json\/wp\/v2\/types\/page"}],"author":[{"embeddable":true,"href":"https:\/\/digital-defense.cl\/index.php\/wp-json\/wp\/v2\/users\/1"}],"replies":[{"embeddable":true,"href":"https:\/\/digital-defense.cl\/index.php\/wp-json\/wp\/v2\/comments?post=33"}],"version-history":[{"count":20,"href":"https:\/\/digital-defense.cl\/index.php\/wp-json\/wp\/v2\/pages\/33\/revisions"}],"predecessor-version":[{"id":1188,"href":"https:\/\/digital-defense.cl\/index.php\/wp-json\/wp\/v2\/pages\/33\/revisions\/1188"}],"wp:attachment":[{"href":"https:\/\/digital-defense.cl\/index.php\/wp-json\/wp\/v2\/media?parent=33"}],"curies":[{"name":"wp","href":"https:\/\/api.w.org\/{rel}","templated":true}]}}